{"id":55,"date":"2016-01-11T09:14:44","date_gmt":"2016-01-11T09:14:44","guid":{"rendered":"http:\/\/demo.vegatheme.com\/gocargo\/?page_id=55"},"modified":"2025-07-13T15:05:01","modified_gmt":"2025-07-13T19:05:01","slug":"contact","status":"publish","type":"page","link":"https:\/\/instantlogistics.ca\/fr\/contact\/","title":{"rendered":"CONTACTEZ-NOUS"},"content":{"rendered":"<div class=\"wpb-content-wrapper\"><section class=\"wpb_row vc_row-fluid vc_custom_1721085733366 vc_row-has-fill\"><div class=\"container\"><div class=\"row\"><div class=\"wpb_column vc_column_container vc_col-sm-1\/5\"><div class=\"vc_column-inner\"><div class=\"wpb_wrapper\"  >\t\n\n\t<div class=\"info-box\">\n        <i class=\"fas fa-map-marker-alt\"><\/i>\n        <div class=\"info-box_text\">\n            <div class=\"info-box_title\">Offices<\/div>            <div class=\"info-box_subtite\">1075 W Georgia St #2500<br \/>\nVancouver, BC V6E 3C9<\/div>        <\/div>\n    <\/div>      \n\n<\/div><\/div><\/div><div class=\"wpb_column vc_column_container vc_col-sm-1\/5\"><div class=\"vc_column-inner\"><div class=\"wpb_wrapper\"  >\t\n\n\t<div class=\"info-box\">\n        <i class=\"fas fa-map-marker-alt\"><\/i>\n        <div class=\"info-box_text\">\n            <div class=\"info-box_title\">Offices<\/div>            <div class=\"info-box_subtite\">333 The PATH &#8211; Bay Adelaide Centre<br \/>\nToronto, ON M5H 2S5<\/div>        <\/div>\n    <\/div>      \n\n<\/div><\/div><\/div><div class=\"wpb_column vc_column_container vc_col-sm-1\/5\"><div class=\"vc_column-inner\"><div class=\"wpb_wrapper\"  >\t\n\n\t<div class=\"info-box\">\n        <i class=\"fas fa-phone-alt\"><\/i>\n        <div class=\"info-box_text\">\n            <div class=\"info-box_title\">Phone<\/div>            <div class=\"info-box_subtite\">+1 226-289-1414<\/div>        <\/div>\n    <\/div>      \n\n<\/div><\/div><\/div><div class=\"wpb_column vc_column_container vc_col-sm-1\/5\"><div class=\"vc_column-inner\"><div class=\"wpb_wrapper\"  >\t\n\n\t<div class=\"info-box\">\n        <i class=\"fas fa-history\"><\/i>\n        <div class=\"info-box_text\">\n            <div class=\"info-box_title\">HEURES D'OUVERTURE<\/div>            <div class=\"info-box_subtite\">24\/7<\/div>        <\/div>\n    <\/div>      \n\n<\/div><\/div><\/div><div class=\"wpb_column vc_column_container vc_col-sm-1\/5\"><div class=\"vc_column-inner\"><div class=\"wpb_wrapper\"  >\t\n\n\t<div class=\"info-box\">\n        <i class=\"far fa-envelope\"><\/i>\n        <div class=\"info-box_text\">\n            <div class=\"info-box_title\">Email<\/div>            <div class=\"info-box_subtite\">Customerservice@instantlogistics.ca<\/div>        <\/div>\n    <\/div>      \n\n<\/div><\/div><\/div><\/div><\/div><div class=\"clearfix\"><\/div><\/section><section class=\"wpb_row vc_row-fluid vc_custom_1721085830684\"><div class=\"container\"><div class=\"row\"><div class=\"wpb_column vc_column_container vc_col-sm-6 vc_col-has-fill\"><div class=\"vc_column-inner vc_custom_1752346392628\"><div class=\"wpb_wrapper\"  >\t\t\t\n\t\n\t<div class=\"about-box2\">\n\t\t<img decoding=\"async\" src=\"https:\/\/instantlogistics.ca\/wp-content\/uploads\/2024\/12\/LogoN-2-2.png\" class=\"img-responsive\" alt=\"logistics services\" \/>        <div class=\"divider-single\"><\/div>\n        <h2>Votre solution logistique compl\u00e8te pour toute l'Am\u00e9rique du Nord.<\/h2>\n        <div class=\"tiny-border\"><\/div>\n<p class=\"ds-markdown-paragraph\"><strong>Bienvenue chez Instant Logistics \u2013 le partenaire logistique multiservice le plus fiable du Canada.<\/strong><\/p>\n<p class=\"ds-markdown-paragraph\">Des chargements lourds et surdimensionn\u00e9s aux exp\u00e9ditions frigorifiques urgentes, nous concevons une logistique de pr\u00e9cision pour chaque d\u00e9fi de fret.<\/p>\n<p class=\"ds-markdown-paragraph\"><strong>Fi\u00e8rement canadien. Fiable \u00e0 l'\u00e9chelle du continent.<\/strong><\/p>\n<p class=\"ds-markdown-paragraph\">Pourquoi plus de 1 500 entreprises nous confient leur fret le plus critique:<br><br \/>\n\u2705\u00a0<strong>Expertise en services complets:<\/strong> Chargement lourd \u2022 Plateau \u2022 Moffett \u2022 Frigorifique \u2022 Sp\u00e9cialis\u00e9<br><br \/>\n\u2705\u00a0<strong>S\u00e9curit\u00e9 de niveau militaire:<\/strong>\u00a0Certifi\u00e9 CCMTA\/USDOT \u2022 0 incident \u00e9vitable depuis 2021<br><br \/>\n\u2705\u00a0<strong>Efficacit\u00e9 sans fronti\u00e8res:<\/strong>\u00a0Op\u00e9rations fluides USA-Canada-Mexique \u2022 Surveillance 24\/7<br><br \/>\n\u2705\u00a0<strong>Fiabilit\u00e9 Canadienne:<\/strong> Excellence en ing\u00e9nierie<br><\/p>\n<h3 class=\"ds-markdown-paragraph\"><em>Solutions con\u00e7ues pour votre secteur<\/em><\/h3>\n<div class=\"markdown-table-wrapper\">\n<table>\n<thead>\n<tr>\n<th><strong>Service<\/strong><\/th>\n<th><strong>Capabilities<\/strong><\/th>\n<th><strong>Key Applications<\/strong><\/th>\n<\/tr>\n<\/thead>\n<tbody>\n<tr>\n<td><strong>Heavy Haul<\/strong><\/td>\n<td>150-ton capacity \u2022 Wind turbine transport \u2022 Oversize permits<\/td>\n<td>Energy \u2022 Mining \u2022 Infrastructure<\/td>\n<\/tr>\n<tr>\n<td><strong>Flatbed<\/strong><\/td>\n<td>Step-decks \u2022 Extendable \u2022 Secured tarping<\/td>\n<td>Construction \u2022 Machinery \u2022 Building Materials<\/td>\n<\/tr>\n<tr>\n<td><strong>Moffett<\/strong><\/td>\n<td>On-site forklift loading\/unloading \u2022 Dock-free delivery<\/td>\n<td>Lumber Yards \u2022 Retail \u2022 Manufacturing<\/td>\n<\/tr>\n<tr>\n<td><strong>Reefer<\/strong><\/td>\n<td>Temperature-controlled \u2022 Pharma-grade \u2022 Real-time monitoring<\/td>\n<td>Food \u2022 Pharmaceuticals \u2022 Agriculture<\/td>\n<\/tr>\n<tr>\n<td><strong>Specialized<\/strong><\/td>\n<td>Cross-border \u2022 HAZMAT \u2022 White-glove<\/td>\n<td>Automotive \u2022 Aerospace \u2022 Critical Components<\/td>\n<\/tr>\n<\/tbody>\n<\/table>\n<\/div>\n<p class=\"ds-markdown-paragraph\">Qu'il s'agisse d'un transformateur de 150 tonnes n\u00e9cessitant une expertise en transport lourd ou de denr\u00e9es p\u00e9rissables exigeant un transport frigorifique de pr\u00e9cision \u2013 Instant Logistics offre une fiabilit\u00e9 canadienne d'une fronti\u00e8re \u00e0 l'autre. D\u00e9couvrez la diff\u00e9rence.<\/p>\n<p class=\"ds-markdown-paragraph\"><strong>\u2013 Instant Logistics, L'\u00c9quipe Qui D\u00e9place l'Am\u00e9rique du Nord<\/strong><\/p>\n<div class=\"button_box\">\n\t        \t\t<\/div>\n    <\/div>\n    \n<div class=\"vc_empty_space\"   style=\"height: 51px\"><span class=\"vc_empty_space_inner\"><\/span><\/div><\/div><\/div><\/div><div class=\"wpb_column vc_column_container vc_col-sm-6 vc_col-has-fill\"><div class=\"vc_column-inner vc_custom_1752346366972\"><div class=\"wpb_wrapper\"  >\n\t<div class=\"text-center\">\n        <h2 class=\"heading wow fadeInUp\" data-wow-delay=\"0\"><\/p>\n<h2>CONTACTEZ-NOUS<\/h2>\n<p><\/h2>\n        <div class=\"small-border wow flipInY\" data-wow-delay=\".2s\" data-wow-duration=\".8s\"><\/div>\n    <\/div>\t\n\t\n\n\t<div  class=\"wpb_single_image wpb_content_element vc_align_left wpb_content_element wpb_animate_when_almost_visible wpb_fadeInRight fadeInRight\">\n\t\t\n\t\t<figure class=\"wpb_wrapper vc_figure\">\n\t\t\t<div class=\"vc_single_image-wrapper   vc_box_border_grey\"><img loading=\"lazy\" decoding=\"async\" width=\"1024\" height=\"576\" src=\"https:\/\/instantlogistics.ca\/wp-content\/uploads\/2024\/12\/Happy-Customer.jpg\" class=\"vc_single_image-img attachment-full\" alt=\"logistics services\" title=\"logistics services\" srcset=\"https:\/\/instantlogistics.ca\/wp-content\/uploads\/2024\/12\/Happy-Customer.jpg 1024w, https:\/\/instantlogistics.ca\/wp-content\/uploads\/2024\/12\/Happy-Customer-300x169.jpg 300w, https:\/\/instantlogistics.ca\/wp-content\/uploads\/2024\/12\/Happy-Customer-768x432.jpg 768w, https:\/\/instantlogistics.ca\/wp-content\/uploads\/2024\/12\/Happy-Customer-200x113.jpg 200w\" sizes=\"auto, (max-width: 1024px) 100vw, 1024px\" \/><\/div>\n\t\t<\/figure>\n\t<\/div>\n\n<div class=\"wpcf7 no-js\" id=\"wpcf7-f318-o1\" lang=\"en-US\" dir=\"ltr\" data-wpcf7-id=\"318\">\n<div class=\"screen-reader-response\"><p role=\"status\" aria-live=\"polite\" aria-atomic=\"true\"><\/p> <ul><\/ul><\/div>\n<form action=\"\/fr\/wp-json\/wp\/v2\/pages\/55#wpcf7-f318-o1\" method=\"post\" class=\"wpcf7-form init\" aria-label=\"Contact form\" novalidate=\"novalidate\" data-status=\"init\" data-trp-original-action=\"\/fr\/wp-json\/wp\/v2\/pages\/55#wpcf7-f318-o1\">\n<fieldset class=\"hidden-fields-container\"><input type=\"hidden\" name=\"_wpcf7\" value=\"318\" \/><input type=\"hidden\" name=\"_wpcf7_version\" value=\"6.1.5\" \/><input type=\"hidden\" name=\"_wpcf7_locale\" value=\"en_US\" \/><input type=\"hidden\" name=\"_wpcf7_unit_tag\" value=\"wpcf7-f318-o1\" \/><input type=\"hidden\" name=\"_wpcf7_container_post\" value=\"0\" \/><input type=\"hidden\" name=\"_wpcf7_posted_data_hash\" value=\"\" \/>\n<\/fieldset>\n<div id=\"contact-form-wrapper\">\n\t<p><span class=\"wpcf7-form-control-wrap\" data-name=\"your-name\"><input size=\"40\" maxlength=\"400\" class=\"wpcf7-form-control wpcf7-text wpcf7-validates-as-required form-control\" aria-required=\"true\" aria-invalid=\"false\" placeholder=\"Votre nom\" value=\"\" type=\"text\" name=\"your-name\" \/><\/span><br \/>\n<span class=\"wpcf7-form-control-wrap\" data-name=\"your-email\"><input size=\"40\" maxlength=\"400\" class=\"wpcf7-form-control wpcf7-email wpcf7-validates-as-required wpcf7-text wpcf7-validates-as-email form-control\" aria-required=\"true\" aria-invalid=\"false\" placeholder=\"Votre email\" value=\"\" type=\"email\" name=\"your-email\" \/><\/span><br \/>\n<span class=\"wpcf7-form-control-wrap\" data-name=\"your-message\"><textarea cols=\"40\" rows=\"10\" maxlength=\"2000\" class=\"wpcf7-form-control wpcf7-textarea form-control\" aria-invalid=\"false\" placeholder=\"Votre message\" name=\"your-message\"><\/textarea><\/span><br \/>\n<input class=\"wpcf7-form-control wpcf7-submit has-spinner btn btn-custom\" type=\"submit\" value=\"Envoyer\" \/>\n\t<\/p>\n<\/div><div class=\"wpcf7-response-output\" aria-hidden=\"true\"><\/div>\n<input type=\"hidden\" name=\"trp-form-language\" value=\"fr\"\/><\/form>\n<\/div>\n<\/div><\/div><\/div><div class=\"wpb_column vc_column_container vc_col-sm-12\"><div class=\"vc_column-inner vc_custom_1456218713648\"><div class=\"wpb_wrapper\"  ><\/div><\/div><\/div><\/div><\/div><div class=\"clearfix\"><\/div><\/section>\n<\/div>","protected":false},"excerpt":{"rendered":"Offices 1075 W Georgia St #2500 Vancouver, BC V6E 3C9 Offices 333 The PATH - Bay Adelaide Centre Toronto, ON M5H 2S5 Phone +1 226-289-1414 Business Hours 24\/7 Email Customerservice@instantlogistics.ca Your Complete Logistics Solution Across North America Welcome to Instant Logistics \u2013 Canada\u2019s Most Trusted Multi-Service Logistics Partner From oversized heavy haul to time-sensitive reefer [...]","protected":false},"author":1,"featured_media":0,"parent":0,"menu_order":0,"comment_status":"closed","ping_status":"closed","template":"page-templates\/template-fullwidth.php","meta":{"om_disable_all_campaigns":false,"_monsterinsights_skip_tracking":false,"_monsterinsights_sitenote_active":false,"_monsterinsights_sitenote_note":"","_monsterinsights_sitenote_category":0,"footnotes":""},"class_list":["post-55","page","type-page","status-publish","hentry"],"yoast_head":"<!-- This site is optimized with the Yoast SEO Premium plugin v27.3 (Yoast SEO v27.3) - https:\/\/yoast.com\/product\/yoast-seo-premium-wordpress\/ -->\n<title>Contact Us - Instant Logistics Services<\/title>\n<meta name=\"robots\" content=\"index, follow, max-snippet:-1, max-image-preview:large, max-video-preview:-1\" \/>\n<link rel=\"canonical\" href=\"https:\/\/instantlogistics.ca\/fr\/contact\/\" \/>\n<meta property=\"og:locale\" content=\"fr_CA\" \/>\n<meta property=\"og:type\" content=\"article\" \/>\n<meta property=\"og:title\" content=\"Contact Us\" \/>\n<meta property=\"og:url\" content=\"https:\/\/instantlogistics.ca\/fr\/contact\/\" \/>\n<meta property=\"og:site_name\" content=\"Instant Logistics Services\" \/>\n<meta property=\"article:publisher\" content=\"https:\/\/www.facebook.com\/people\/Instant-Logistics\/61556566936738\/?mibextid=ZbWKwL\" \/>\n<meta property=\"article:modified_time\" content=\"2025-07-13T19:05:01+00:00\" \/>\n<meta property=\"og:image\" content=\"https:\/\/instantlogistics.ca\/wp-content\/uploads\/2024\/12\/Load7Board.jpg\" \/>\n\t<meta property=\"og:image:width\" content=\"932\" \/>\n\t<meta property=\"og:image:height\" content=\"519\" \/>\n\t<meta property=\"og:image:type\" content=\"image\/jpeg\" \/>\n<meta name=\"twitter:card\" content=\"summary_large_image\" \/>\n<meta name=\"twitter:label1\" content=\"Estimation du temps de lecture\" \/>\n\t<meta name=\"twitter:data1\" content=\"2 minutes\" \/>\n<script type=\"application\/ld+json\" class=\"yoast-schema-graph\">{\"@context\":\"https:\\\/\\\/schema.org\",\"@graph\":[{\"@type\":\"WebPage\",\"@id\":\"https:\\\/\\\/instantlogistics.ca\\\/contact\\\/\",\"url\":\"https:\\\/\\\/instantlogistics.ca\\\/contact\\\/\",\"name\":\"Contact Us - Instant Logistics Services\",\"isPartOf\":{\"@id\":\"https:\\\/\\\/instantlogistics.ca\\\/#website\"},\"datePublished\":\"2016-01-11T09:14:44+00:00\",\"dateModified\":\"2025-07-13T19:05:01+00:00\",\"breadcrumb\":{\"@id\":\"https:\\\/\\\/instantlogistics.ca\\\/contact\\\/#breadcrumb\"},\"inLanguage\":\"fr-CA\",\"potentialAction\":[{\"@type\":\"ReadAction\",\"target\":[\"https:\\\/\\\/instantlogistics.ca\\\/contact\\\/\"]}]},{\"@type\":\"BreadcrumbList\",\"@id\":\"https:\\\/\\\/instantlogistics.ca\\\/contact\\\/#breadcrumb\",\"itemListElement\":[{\"@type\":\"ListItem\",\"position\":1,\"name\":\"Home\",\"item\":\"https:\\\/\\\/instantlogistics.ca\\\/\"},{\"@type\":\"ListItem\",\"position\":2,\"name\":\"Contact Us\"}]},{\"@type\":\"WebSite\",\"@id\":\"https:\\\/\\\/instantlogistics.ca\\\/#website\",\"url\":\"https:\\\/\\\/instantlogistics.ca\\\/\",\"name\":\"Instant Logistics\",\"description\":\"We provide top logistics services in North America. From Flatbed, Step Decks, Double Drop, Dry Vans &amp; Refrigerated to Moffett Services\",\"publisher\":{\"@id\":\"https:\\\/\\\/instantlogistics.ca\\\/#organization\"},\"alternateName\":\"Top Canada Logistics Company\",\"potentialAction\":[{\"@type\":\"SearchAction\",\"target\":{\"@type\":\"EntryPoint\",\"urlTemplate\":\"https:\\\/\\\/instantlogistics.ca\\\/?s={search_term_string}\"},\"query-input\":{\"@type\":\"PropertyValueSpecification\",\"valueRequired\":true,\"valueName\":\"search_term_string\"}}],\"inLanguage\":\"fr-CA\"},{\"@type\":\"Organization\",\"@id\":\"https:\\\/\\\/instantlogistics.ca\\\/#organization\",\"name\":\"Instant Logistics\",\"url\":\"https:\\\/\\\/instantlogistics.ca\\\/\",\"logo\":{\"@type\":\"ImageObject\",\"inLanguage\":\"fr-CA\",\"@id\":\"https:\\\/\\\/instantlogistics.ca\\\/#\\\/schema\\\/logo\\\/image\\\/\",\"url\":\"https:\\\/\\\/instantlogistics.ca\\\/wp-content\\\/uploads\\\/2025\\\/07\\\/Logistics-Companies-Niagara-Falls.jpg\",\"contentUrl\":\"https:\\\/\\\/instantlogistics.ca\\\/wp-content\\\/uploads\\\/2025\\\/07\\\/Logistics-Companies-Niagara-Falls.jpg\",\"width\":1080,\"height\":1080,\"caption\":\"Instant Logistics\"},\"image\":{\"@id\":\"https:\\\/\\\/instantlogistics.ca\\\/#\\\/schema\\\/logo\\\/image\\\/\"},\"sameAs\":[\"https:\\\/\\\/www.facebook.com\\\/people\\\/Instant-Logistics\\\/61556566936738\\\/?mibextid=ZbWKwL\",\"https:\\\/\\\/www.instagram.com\\\/instantlogistics125\\\/?igsh=a3ozem9wN3NiY29m\",\"https:\\\/\\\/www.linkedin.com\\\/company\\\/instant-logistics-corp\"]}]}<\/script>\n<!-- \/ Yoast SEO Premium plugin. -->","yoast_head_json":{"title":"Contact Us - Instant Logistics Services","robots":{"index":"index","follow":"follow","max-snippet":"max-snippet:-1","max-image-preview":"max-image-preview:large","max-video-preview":"max-video-preview:-1"},"canonical":"https:\/\/instantlogistics.ca\/fr\/contact\/","og_locale":"fr_CA","og_type":"article","og_title":"Contact Us","og_url":"https:\/\/instantlogistics.ca\/fr\/contact\/","og_site_name":"Instant Logistics Services","article_publisher":"https:\/\/www.facebook.com\/people\/Instant-Logistics\/61556566936738\/?mibextid=ZbWKwL","article_modified_time":"2025-07-13T19:05:01+00:00","og_image":[{"width":932,"height":519,"url":"https:\/\/instantlogistics.ca\/wp-content\/uploads\/2024\/12\/Load7Board.jpg","type":"image\/jpeg"}],"twitter_card":"summary_large_image","twitter_misc":{"Estimation du temps de lecture":"2 minutes"},"schema":{"@context":"https:\/\/schema.org","@graph":[{"@type":"WebPage","@id":"https:\/\/instantlogistics.ca\/contact\/","url":"https:\/\/instantlogistics.ca\/contact\/","name":"Contact Us - Instant Logistics Services","isPartOf":{"@id":"https:\/\/instantlogistics.ca\/#website"},"datePublished":"2016-01-11T09:14:44+00:00","dateModified":"2025-07-13T19:05:01+00:00","breadcrumb":{"@id":"https:\/\/instantlogistics.ca\/contact\/#breadcrumb"},"inLanguage":"fr-CA","potentialAction":[{"@type":"ReadAction","target":["https:\/\/instantlogistics.ca\/contact\/"]}]},{"@type":"BreadcrumbList","@id":"https:\/\/instantlogistics.ca\/contact\/#breadcrumb","itemListElement":[{"@type":"ListItem","position":1,"name":"Home","item":"https:\/\/instantlogistics.ca\/"},{"@type":"ListItem","position":2,"name":"Contact Us"}]},{"@type":"WebSite","@id":"https:\/\/instantlogistics.ca\/#website","url":"https:\/\/instantlogistics.ca\/","name":"Instant Logistics","description":"We provide top logistics services in North America. From Flatbed, Step Decks, Double Drop, Dry Vans &amp; Refrigerated to Moffett Services","publisher":{"@id":"https:\/\/instantlogistics.ca\/#organization"},"alternateName":"Top Canada Logistics Company","potentialAction":[{"@type":"SearchAction","target":{"@type":"EntryPoint","urlTemplate":"https:\/\/instantlogistics.ca\/?s={search_term_string}"},"query-input":{"@type":"PropertyValueSpecification","valueRequired":true,"valueName":"search_term_string"}}],"inLanguage":"fr-CA"},{"@type":"Organization","@id":"https:\/\/instantlogistics.ca\/#organization","name":"Instant Logistics","url":"https:\/\/instantlogistics.ca\/","logo":{"@type":"ImageObject","inLanguage":"fr-CA","@id":"https:\/\/instantlogistics.ca\/#\/schema\/logo\/image\/","url":"https:\/\/instantlogistics.ca\/wp-content\/uploads\/2025\/07\/Logistics-Companies-Niagara-Falls.jpg","contentUrl":"https:\/\/instantlogistics.ca\/wp-content\/uploads\/2025\/07\/Logistics-Companies-Niagara-Falls.jpg","width":1080,"height":1080,"caption":"Instant Logistics"},"image":{"@id":"https:\/\/instantlogistics.ca\/#\/schema\/logo\/image\/"},"sameAs":["https:\/\/www.facebook.com\/people\/Instant-Logistics\/61556566936738\/?mibextid=ZbWKwL","https:\/\/www.instagram.com\/instantlogistics125\/?igsh=a3ozem9wN3NiY29m","https:\/\/www.linkedin.com\/company\/instant-logistics-corp"]}]}},"_links":{"self":[{"href":"https:\/\/instantlogistics.ca\/fr\/wp-json\/wp\/v2\/pages\/55","targetHints":{"allow":["GET"]}}],"collection":[{"href":"https:\/\/instantlogistics.ca\/fr\/wp-json\/wp\/v2\/pages"}],"about":[{"href":"https:\/\/instantlogistics.ca\/fr\/wp-json\/wp\/v2\/types\/page"}],"author":[{"embeddable":true,"href":"https:\/\/instantlogistics.ca\/fr\/wp-json\/wp\/v2\/users\/1"}],"replies":[{"embeddable":true,"href":"https:\/\/instantlogistics.ca\/fr\/wp-json\/wp\/v2\/comments?post=55"}],"version-history":[{"count":0,"href":"https:\/\/instantlogistics.ca\/fr\/wp-json\/wp\/v2\/pages\/55\/revisions"}],"wp:attachment":[{"href":"https:\/\/instantlogistics.ca\/fr\/wp-json\/wp\/v2\/media?parent=55"}],"curies":[{"name":"wp","href":"https:\/\/api.w.org\/{rel}","templated":true}]}}